{"id":3,"date":"2024-11-29T07:00:04","date_gmt":"2024-11-29T07:00:04","guid":{"rendered":"https:\/\/genaisa.eu\/?page_id=3"},"modified":"2025-01-07T14:26:26","modified_gmt":"2025-01-07T14:26:26","slug":"tietosuojakaytanto","status":"publish","type":"page","link":"https:\/\/genaisa.eu\/fi\/privacy-policy\/","title":{"rendered":"Tietosuojak\u00e4yt\u00e4nt\u00f6"},"content":{"rendered":"<p>klo <strong>GenAISA<\/strong> (<a href=\"https:\/\/genaisa.eu\/fi\/\">https:\/\/genaisa.eu\/<\/a>), arvostamme verkkosivustomme vierailijoiden yksityisyytt\u00e4 ja turvallisuutta. T\u00e4ss\u00e4 tietosuojak\u00e4yt\u00e4nn\u00f6ss\u00e4 kuvataan, kuinka ker\u00e4\u00e4mme, k\u00e4yt\u00e4mme ja suojaamme henkil\u00f6tietojasi, kun vierailet verkkosivustollamme tai k\u00e4yt\u00e4t palveluitamme. K\u00e4ytt\u00e4m\u00e4ll\u00e4 verkkosivustoamme hyv\u00e4ksyt t\u00e4ss\u00e4 k\u00e4yt\u00e4nn\u00f6ss\u00e4 kuvatut k\u00e4yt\u00e4nn\u00f6t.<\/p>\n\n\n\n<h3 class=\"wp-block-heading\"><strong>1. Ker\u00e4\u00e4m\u00e4mme tiedot<\/strong><\/h3>\n\n\n\n<p>Ker\u00e4\u00e4mme erilaisia tietoja, kun vierailet tai olet vuorovaikutuksessa verkkosivustollamme. T\u00e4m\u00e4 sis\u00e4lt\u00e4\u00e4:<\/p>\n\n\n\n<ul class=\"wp-block-list\">\n<li><strong>Henkil\u00f6tiedot:<\/strong> Kun tilaat uutiskirjeemme tai otat meihin yhteytt\u00e4 yhteydenottolomakkeen kautta, voimme ker\u00e4t\u00e4 henkil\u00f6tietoja, kuten nimesi, s\u00e4hk\u00f6postiosoitteesi ja muita vapaaehtoisesti antamiasi tietoja.<\/li>\n\n\n\n<li><strong>Ei-henkil\u00f6kohtaiset tiedot:<\/strong> Ker\u00e4\u00e4mme my\u00f6s ei-henkil\u00f6kohtaisia tietoja, kuten IP-osoitteesi, selaimesi tyyppi\u00e4 ja selaustoimintaa sivustollamme auttaaksemme parantamaan verkkosivustomme toimivuutta ja k\u00e4ytt\u00f6kokemusta.<\/li>\n<\/ul>\n\n\n\n<h3 class=\"wp-block-heading\"><strong>2. Kuinka k\u00e4yt\u00e4mme tietojasi<\/strong><\/h3>\n\n\n\n<p>Ker\u00e4\u00e4mi\u00e4mme tietoja k\u00e4ytet\u00e4\u00e4n seuraaviin tarkoituksiin:<\/p>\n\n\n\n<ul class=\"wp-block-list\">\n<li>L\u00e4hett\u00e4\u00e4ksemme sinulle GenAISA-projektiin liittyvi\u00e4 uutiskirjeit\u00e4, p\u00e4ivityksi\u00e4 ja tietoja.<\/li>\n\n\n\n<li>Vastaamaan tiedusteluihisi ja tarjoamaan asiakastukea.<\/li>\n\n\n\n<li>Parantaaksemme verkkosivustomme suorituskyky\u00e4 ja toimivuutta.<\/li>\n\n\n\n<li>Analysoidaksemme ja ymm\u00e4rt\u00e4\u00e4ksemme, miten verkkosivustoamme k\u00e4ytet\u00e4\u00e4n, voimme parantaa k\u00e4ytt\u00f6kokemusta.<\/li>\n<\/ul>\n\n\n\n<h3 class=\"wp-block-heading\"><strong>3. Ev\u00e4steet<\/strong><\/h3>\n\n\n\n<p>Sivustomme k\u00e4ytt\u00e4\u00e4 ev\u00e4steit\u00e4 parantaakseen selauskokemustasi. Ev\u00e4steet ovat pieni\u00e4 tekstitiedostoja, jotka tallennetaan laitteellesi ja jotka auttavat meit\u00e4 muistamaan asetuksesi, analysoimaan verkkosivuston liikennett\u00e4 ja parantamaan palveluitamme. K\u00e4ytt\u00e4m\u00e4ll\u00e4 verkkosivustoamme hyv\u00e4ksyt ev\u00e4steiden k\u00e4yt\u00f6n. Voit hallita ev\u00e4steit\u00e4 tai poistaa ne k\u00e4yt\u00f6st\u00e4 selaimesi asetuksista.<\/p>\n\n\n\n<p>Tarkempia tietoja ev\u00e4steiden toiminnasta on osoitteessa <a href=\"https:\/\/www.allaboutcookies.org\/\" target=\"_blank\" rel=\"noreferrer noopener\">t\u00e4m\u00e4 sivu<\/a>.<\/p>\n\n\n\n<h3 class=\"wp-block-heading\"><strong>4. Kolmannen osapuolen palvelut<\/strong><\/h3>\n\n\n\n<p>Saatamme k\u00e4ytt\u00e4\u00e4 kolmannen osapuolen palveluita, kuten Google Analyticsia, analysoidaksemme liikennett\u00e4 ja parantaaksemme verkkosivustoamme. N\u00e4m\u00e4 kolmannen osapuolen palvelut voivat ker\u00e4t\u00e4 ja k\u00e4sitell\u00e4 tietoja verkkosivustomme k\u00e4yt\u00f6st\u00e4si. Emme hallitse sit\u00e4, miten kolmannet osapuolet ker\u00e4\u00e4v\u00e4t tai k\u00e4ytt\u00e4v\u00e4t tietoja, joten kehotamme sinua tutustumaan heid\u00e4n tietosuojak\u00e4yt\u00e4nt\u00f6ihins\u00e4.<\/p>\n\n\n\n<p>Sivustomme voi sis\u00e4lt\u00e4\u00e4 my\u00f6s linkkej\u00e4 muille verkkosivustoille. Emme ole vastuussa ulkopuolisten sivustojen tietosuojak\u00e4yt\u00e4nn\u00f6ist\u00e4 tai sis\u00e4ll\u00f6st\u00e4. Katso lis\u00e4tietoja kyseisten verkkosivustojen tietosuojak\u00e4yt\u00e4nn\u00f6ist\u00e4.<\/p>\n\n\n\n<h3 class=\"wp-block-heading\"><strong>5. Tietojen s\u00e4ilytt\u00e4minen<\/strong><\/h3>\n\n\n\n<p>S\u00e4ilyt\u00e4mme henkil\u00f6tietojasi vain niin kauan kuin on tarpeen t\u00e4ss\u00e4 tietosuojak\u00e4yt\u00e4nn\u00f6ss\u00e4 kuvattujen tarkoitusten toteuttamiseksi tai lain edellytt\u00e4m\u00e4n ajan. Jos et en\u00e4\u00e4 halua vastaanottaa meilt\u00e4 viestej\u00e4, voit peruuttaa tilauksen milloin tahansa napsauttamalla s\u00e4hk\u00f6postissamme olevaa tilauksen peruutuslinkki\u00e4 tai ottamalla meihin yhteytt\u00e4 osoitteessa <a href=\"mailto:hello@genaisa.eu\">hello@genaisa.eu<\/a>.<\/p>\n\n\n\n<h3 class=\"wp-block-heading\"><strong>6. Tietoturva<\/strong><\/h3>\n\n\n\n<p>Toteutamme asianmukaisia teknisi\u00e4 ja organisatorisia toimenpiteit\u00e4 henkil\u00f6tietojesi suojaamiseksi luvattomalta k\u00e4yt\u00f6lt\u00e4, muuttamiselta tai paljastamiselta. Vaikka pyrimme suojaamaan tietosi, mik\u00e4\u00e4n Internetin kautta tapahtuva tiedonsiirtotapa ei ole t\u00e4ysin turvallinen, emmek\u00e4 voi taata t\u00e4ydellist\u00e4 turvallisuutta.<\/p>\n\n\n\n<h3 class=\"wp-block-heading\"><strong>7. Sinun oikeutesi<\/strong><\/h3>\n\n\n\n<p>Sovellettavien tietosuojalakien mukaan sinulla on oikeus:<\/p>\n\n\n\n<ul class=\"wp-block-list\">\n<li>P\u00e4\u00e4sy henkil\u00f6tietoihin, joita meill\u00e4 on sinusta.<\/li>\n\n\n\n<li>Pyyd\u00e4 henkil\u00f6tietojesi korjaamista tai poistamista.<\/li>\n\n\n\n<li>Vastustaa henkil\u00f6tietojesi k\u00e4sittely\u00e4 tiettyj\u00e4 tarkoituksia varten.<\/li>\n\n\n\n<li>Peruuta suostumuksesi henkil\u00f6tietojesi k\u00e4sittelyyn milloin tahansa.<\/li>\n<\/ul>\n\n\n\n<p>Jos haluat k\u00e4ytt\u00e4\u00e4 jotakin n\u00e4ist\u00e4 oikeuksista, ota meihin yhteytt\u00e4 osoitteessa <a href=\"mailto:hello@genaisa.eu\">hello@genaisa.eu<\/a>.<\/p>\n\n\n\n<h3 class=\"wp-block-heading\"><strong>8. Uutiskirjepalvelu: Brevo<\/strong><\/h3>\n\n\n\n<p>Uutiskirjeidemme ja projektip\u00e4ivitysten l\u00e4hett\u00e4miseen k\u00e4yt\u00e4mme Brevo-alustaa (aiemmin Sendinblue), kolmannen osapuolen palvelua. Kun tilaat uutiskirjeemme, henkil\u00f6tietojasi (nimi, s\u00e4hk\u00f6postiosoite) k\u00e4sitell\u00e4\u00e4n ja tallennetaan Brevon palvelimille. Brevo noudattaa tietosuojam\u00e4\u00e4r\u00e4yksi\u00e4 ja k\u00e4ytt\u00e4\u00e4 tietojesi k\u00e4sittelyyn turvallisia menetelmi\u00e4. Lis\u00e4tietoja siit\u00e4, kuinka Brevo k\u00e4sittelee tietojasi, on heid\u00e4n sivuillaan <a href=\"https:\/\/www.brevo.com\/legal\/privacypolicy\/\" target=\"_blank\" rel=\"noreferrer noopener\">tietosuojak\u00e4yt\u00e4nt\u00f6<\/a>.<\/p>\n\n\n\n<h3 class=\"wp-block-heading\"><strong>9. Muutokset t\u00e4h\u00e4n tietosuojak\u00e4yt\u00e4nt\u00f6\u00f6n<\/strong><\/h3>\n\n\n\n<p>Saatamme p\u00e4ivitt\u00e4\u00e4 t\u00e4t\u00e4 tietosuojak\u00e4yt\u00e4nt\u00f6\u00e4 ajoittain vastaamaan k\u00e4yt\u00e4nt\u00f6jemme muutoksia tai muista toiminnallisista, oikeudellisista tai lains\u00e4\u00e4d\u00e4nn\u00f6llisist\u00e4 syist\u00e4. Suosittelemme tarkistamaan t\u00e4m\u00e4n sivun s\u00e4\u00e4nn\u00f6llisesti mahdollisten p\u00e4ivitysten varalta.<\/p>\n\n\n\n<h3 class=\"wp-block-heading\"><strong>10. Ota yhteytt\u00e4<\/strong><\/h3>\n\n\n\n<p>Jos sinulla on kysytt\u00e4v\u00e4\u00e4 tai huolenaiheita t\u00e4st\u00e4 tietosuojak\u00e4yt\u00e4nn\u00f6st\u00e4 tai siit\u00e4, miten k\u00e4sittelemme henkil\u00f6tietojasi, ota meihin yhteytt\u00e4 osoitteessa:<\/p>\n\n\n\n<p><strong>S\u00e4hk\u00f6posti:<\/strong> <a href=\"mailto:hello@genaisa.eu\">hello@genaisa.eu<\/a><br><strong>Verkkosivusto:<\/strong> <a href=\"https:\/\/genaisa.eu\/fi\/\">https:\/\/genaisa.eu\/<\/a><\/p>\n\n\n\n<p>K\u00e4ytt\u00e4m\u00e4ll\u00e4 verkkosivustoamme hyv\u00e4ksyt t\u00e4ss\u00e4 tietosuojak\u00e4yt\u00e4nn\u00f6ss\u00e4 esitetyt ehdot. Jos et hyv\u00e4ksy k\u00e4yt\u00e4nt\u00f6j\u00e4mme, ole hyv\u00e4 ja pid\u00e4tt\u00e4ydy k\u00e4ytt\u00e4m\u00e4st\u00e4 sivustoa.<\/p>","protected":false},"excerpt":{"rendered":"<p>GenAISAssa (https:\/\/genaisa.eu\/) arvostamme verkkosivustomme k\u00e4vij\u00f6iden yksityisyytt\u00e4 ja turvallisuutta. T\u00e4ss\u00e4 tietosuojak\u00e4yt\u00e4nn\u00f6ss\u00e4 kuvataan, miten ker\u00e4\u00e4mme, k\u00e4yt\u00e4mme ja suojaamme henkil\u00f6tietojasi, kun vierailet verkkosivustollamme tai olet vuorovaikutuksessa palveluidemme kanssa. K\u00e4ytt\u00e4m\u00e4ll\u00e4 verkkosivustoamme suostut t\u00e4ss\u00e4 k\u00e4yt\u00e4nn\u00f6ss\u00e4 kuvattuihin k\u00e4yt\u00e4nt\u00f6ihin. 1. Ker\u00e4\u00e4m\u00e4mme tiedot Ker\u00e4\u00e4mme\u2026<\/p>","protected":false},"author":1,"featured_media":0,"parent":0,"menu_order":0,"comment_status":"closed","ping_status":"open","template":"","meta":{"_acf_changed":false,"_kad_blocks_custom_css":"","_kad_blocks_head_custom_js":"","_kad_blocks_body_custom_js":"","_kad_blocks_footer_custom_js":"","_kad_post_transparent":"disable","_kad_post_title":"show","_kad_post_layout":"normal","_kad_post_sidebar_id":"","_kad_post_content_style":"boxed","_kad_post_vertical_padding":"","_kad_post_feature":"","_kad_post_feature_position":"","_kad_post_header":false,"_kad_post_footer":false,"_kad_post_classname":"","footnotes":""},"class_list":["post-3","page","type-page","status-publish","hentry"],"acf":[],"taxonomy_info":[],"featured_image_src_large":false,"author_info":{"display_name":"Svetoslav Minchev (RCCI)","author_link":"https:\/\/genaisa.eu\/fi\/author\/admin_25h4lets\/"},"comment_info":0,"_links":{"self":[{"href":"https:\/\/genaisa.eu\/fi\/wp-json\/wp\/v2\/pages\/3","targetHints":{"allow":["GET"]}}],"collection":[{"href":"https:\/\/genaisa.eu\/fi\/wp-json\/wp\/v2\/pages"}],"about":[{"href":"https:\/\/genaisa.eu\/fi\/wp-json\/wp\/v2\/types\/page"}],"author":[{"embeddable":true,"href":"https:\/\/genaisa.eu\/fi\/wp-json\/wp\/v2\/users\/1"}],"replies":[{"embeddable":true,"href":"https:\/\/genaisa.eu\/fi\/wp-json\/wp\/v2\/comments?post=3"}],"version-history":[{"count":0,"href":"https:\/\/genaisa.eu\/fi\/wp-json\/wp\/v2\/pages\/3\/revisions"}],"wp:attachment":[{"href":"https:\/\/genaisa.eu\/fi\/wp-json\/wp\/v2\/media?parent=3"}],"curies":[{"name":"wp","href":"https:\/\/api.w.org\/{rel}","templated":true}]}}